{"id":1027,"date":"2020-07-22T09:10:23","date_gmt":"2020-07-22T09:10:23","guid":{"rendered":"https:\/\/luisveraoposiciones.com\/matriculas\/?page_id=1027"},"modified":"2020-07-22T09:10:23","modified_gmt":"2020-07-22T09:10:23","slug":"aviso-legal","status":"publish","type":"page","link":"https:\/\/luisveraoposiciones.com\/matriculas\/aviso-legal\/","title":{"rendered":"Aviso legal"},"content":{"rendered":"<p>En cumplimiento del art\u00edculo 10 de la Ley 34\/2002, de \u00a011 de julio, de Servicios de la Sociedad de la Informaci\u00f3n y Comercio Electr\u00f3nico (LSSICE) a continuaci\u00f3n se detallan los datos identificativos de la empresa:<\/p>\n<p>Nombre empresa: LUIS VERA OPOSICIONES SL<br \/>\nRaz\u00f3n social: LUIS VERA OPOSICIONES SL<br \/>\nNIF: B23757248<br \/>\nDirecci\u00f3n: Avda. de Linares, 21-2\u00ba B \u2013 23400 \u2013 \u00daBEDA \u2013 JAEN<br \/>\nTel\u00e9fono:<br \/>\nEmail: administracion@luisveraoposiciones.com<\/p>\n<p>FINALIDAD DE LA P\u00c1GINA WEB.<br \/>\nLa finalidad de esta web es la de ofrecer informaci\u00f3n sobre nuestros cursos preparatorios a oposiciones, e informaci\u00f3n relacionadas con las oposiciones p\u00fablicas.<\/p>\n<p>El presente aviso legal (en adelante, el \u201cAviso Legal\u201d) regula el uso del sitio web: www.luisveraoposiciones.com<\/p>\n<p>LEGISLACI\u00d3N.<br \/>\nCon car\u00e1cter general las relaciones entre B23757248 (LUIS VERA OPOSICIONES SL) con los Usuarios de sus servicios telem\u00e1ticos, presentes en este sitio web, se encuentran sometidas a la legislaci\u00f3n y jurisdicci\u00f3n espa\u00f1olas.<\/p>\n<p>USO Y ACCESO DE USUARIOS.<br \/>\nEl Usuario queda informado, y acepta, que el acceso a la presente web no supone, en modo alguno, el inicio de una relaci\u00f3n comercial con LUIS VERA OPOSICIONES SL (LUIS VERA OPOSICIONES SL) o cualquiera de sus delegaciones.<\/p>\n<p>PROPIEDAD INTELECTUAL E INDUSTRIAL.<br \/>\nLos derechos de propiedad intelectual del contenido de las p\u00e1ginas web, su dise\u00f1o gr\u00e1fico y c\u00f3digos son titularidad de LUIS VERA OPOSICIONES SL (LUIS VERA OPOSICIONES SL) y, por tanto, queda prohibida su reproducci\u00f3n, distribuci\u00f3n, comunicaci\u00f3n p\u00fablica, transformaci\u00f3n o cualquier otra actividad que se pueda realizar con los contenidos de sus p\u00e1ginas web ni aun citando las fuentes, salvo consentimiento por escrito de LUIS VERA OPOSICIONES SL (LUIS VERA OPOSICIONES SL).<\/p>\n<p>CONTENIDO DE LA WEB Y ENLACES (LINKS).<br \/>\nLUIS VERA OPOSICIONES SL (LUIS VERA OPOSICIONES SL) \u00a0se reserva el derecho a actualizar, modificar o eliminar la informaci\u00f3n contenida en sus p\u00e1ginas web pudiendo incluso limitar o no permitir el acceso a dicha informaci\u00f3n a ciertos usuarios.<\/p>\n<p>LUIS VERA OPOSICIONES SL (LUIS VERA OPOSICIONES SL) no asume responsabilidad alguna por la informaci\u00f3n contenida en p\u00e1ginas web de terceros a las que se pueda acceder por \u201clinks\u201d o enlaces desde cualquier p\u00e1gina web propiedad de LUIS VERA OPOSICIONES SL (LUIS VERA OPOSICIONES SL). La presencia de \u201clinks\u201d o enlaces en las p\u00e1ginas web de LUIS VERA OPOSICIONES SL (LUIS VERA OPOSICIONES SL) tiene finalidad meramente informativa y en ning\u00fan caso supone sugerencia, invitaci\u00f3n o recomendaci\u00f3n sobre los mismos.<\/p>\n","protected":false},"excerpt":{"rendered":"<p>En cumplimiento del art\u00edculo 10 de la Ley 34\/2002, de \u00a011 de julio, de Servicios de la Sociedad de la Informaci\u00f3n y Comercio Electr\u00f3nico (LSSICE) a continuaci\u00f3n se detallan los datos identificativos de la empresa: Nombre empresa: LUIS VERA OPOSICIONES SL Raz\u00f3n social: LUIS VERA OPOSICIONES SL NIF: B23757248 Direcci\u00f3n: Avda. de Linares, 21-2\u00ba B [&hellip;]<\/p>\n","protected":false},"author":1,"featured_media":0,"parent":0,"menu_order":0,"comment_status":"closed","ping_status":"open","template":"","meta":{"site-sidebar-layout":"default","site-content-layout":"default","ast-site-content-layout":"default","site-content-style":"default","site-sidebar-style":"default","ast-global-header-display":"","ast-banner-title-visibility":"","ast-main-header-display":"","ast-hfb-above-header-display":"","ast-hfb-below-header-display":"","ast-hfb-mobile-header-display":"","site-post-title":"","ast-breadcrumbs-content":"","ast-featured-img":"","footer-sml-layout":"","theme-transparent-header-meta":"default","adv-header-id-meta":"","stick-header-meta":"","header-above-stick-meta":"","header-main-stick-meta":"","header-below-stick-meta":"","astra-migrate-meta-layouts":"default","ast-page-background-enabled":"default","ast-page-background-meta":{"desktop":{"background-color":"","background-image":"","background-repeat":"repeat","background-position":"center center","background-size":"auto","background-attachment":"scroll","background-type":"","background-media":"","overlay-type":"","overlay-color":"","overlay-opacity":"","overlay-gradient":""},"tablet":{"background-color":"","background-image":"","background-repeat":"repeat","background-position":"center center","background-size":"auto","background-attachment":"scroll","background-type":"","background-media":"","overlay-type":"","overlay-color":"","overlay-opacity":"","overlay-gradient":""},"mobile":{"background-color":"","background-image":"","background-repeat":"repeat","background-position":"center center","background-size":"auto","background-attachment":"scroll","background-type":"","background-media":"","overlay-type":"","overlay-color":"","overlay-opacity":"","overlay-gradient":""}},"ast-content-background-meta":{"desktop":{"background-color":"var(--ast-global-color-5)","background-image":"","background-repeat":"repeat","background-position":"center center","background-size":"auto","background-attachment":"scroll","background-type":"","background-media":"","overlay-type":"","overlay-color":"","overlay-opacity":"","overlay-gradient":""},"tablet":{"background-color":"var(--ast-global-color-5)","background-image":"","background-repeat":"repeat","background-position":"center center","background-size":"auto","background-attachment":"scroll","background-type":"","background-media":"","overlay-type":"","overlay-color":"","overlay-opacity":"","overlay-gradient":""},"mobile":{"background-color":"var(--ast-global-color-5)","background-image":"","background-repeat":"repeat","background-position":"center center","background-size":"auto","background-attachment":"scroll","background-type":"","background-media":"","overlay-type":"","overlay-color":"","overlay-opacity":"","overlay-gradient":""}}},"_links":{"self":[{"href":"https:\/\/luisveraoposiciones.com\/matriculas\/wp-json\/wp\/v2\/pages\/1027"}],"collection":[{"href":"https:\/\/luisveraoposiciones.com\/matriculas\/wp-json\/wp\/v2\/pages"}],"about":[{"href":"https:\/\/luisveraoposiciones.com\/matriculas\/wp-json\/wp\/v2\/types\/page"}],"author":[{"embeddable":true,"href":"https:\/\/luisveraoposiciones.com\/matriculas\/wp-json\/wp\/v2\/users\/1"}],"replies":[{"embeddable":true,"href":"https:\/\/luisveraoposiciones.com\/matriculas\/wp-json\/wp\/v2\/comments?post=1027"}],"version-history":[{"count":1,"href":"https:\/\/luisveraoposiciones.com\/matriculas\/wp-json\/wp\/v2\/pages\/1027\/revisions"}],"predecessor-version":[{"id":1028,"href":"https:\/\/luisveraoposiciones.com\/matriculas\/wp-json\/wp\/v2\/pages\/1027\/revisions\/1028"}],"wp:attachment":[{"href":"https:\/\/luisveraoposiciones.com\/matriculas\/wp-json\/wp\/v2\/media?parent=1027"}],"curies":[{"name":"wp","href":"https:\/\/api.w.org\/{rel}","templated":true}]}}