{"id":934,"date":"2020-04-07T11:03:32","date_gmt":"2020-04-07T11:03:32","guid":{"rendered":"https:\/\/luisveraoposiciones.com\/matriculas\/?page_id=934"},"modified":"2020-07-22T09:22:18","modified_gmt":"2020-07-22T09:22:18","slug":"terminos-y-condiciones","status":"publish","type":"page","link":"https:\/\/luisveraoposiciones.com\/matriculas\/terminos-y-condiciones\/","title":{"rendered":"T\u00e9rminos y condiciones"},"content":{"rendered":"<p>Es requisito necesario para la adquisici\u00f3n de la formaci\u00f3n acad\u00e9mica que se ofrece en este sitio, que lea y acepte los siguientes T\u00e9rminos y Condiciones que a continuaci\u00f3n se redactan. El uso de nuestros servicios as\u00ed como la compra de \u00e9stos, implicar\u00e1 que usted ha le\u00eddo y aceptado los T\u00e9rminos y Condiciones de Uso en el presente documento. Todas los servicios que son ofrecidos en nuestro sitio web pudieran ser creadas, cobradas, enviadas o presentadas por una p\u00e1gina web tercera y en tal caso estar\u00edan sujetas a sus propios T\u00e9rminos y Condiciones.<\/p>\n<p>Todas las compras y transacciones que se lleven a cabo por medio de este sitio web, est\u00e1n sujetas a un proceso de confirmaci\u00f3n y verificaci\u00f3n, el cual podr\u00eda incluir la verificaci\u00f3n y disponibilidad del producto, validaci\u00f3n de la forma de pago, validaci\u00f3n de la factura (en caso de existir) y el cumplimiento de las condiciones requeridas por el medio de pago seleccionado.<br \/>\nEn algunos casos puede que se requiera una verificaci\u00f3n por medio de correo electr\u00f3nico.<\/p>\n<p>Los precios de los servicios ofrecidos en esta escuela de formaci\u00f3n, tanto en modalidad presencial como online, son v\u00e1lidos solamente en las compras realizadas en este sitio web.<\/p>\n<p><strong>CONDICIONES DE COMPRA<\/strong><br \/>\nLos precios y condiciones de venta tienen un car\u00e1cter meramente informativo y pueden ser modificados en atenci\u00f3n a las fluctuaciones del mercado.<\/p>\n<p>No obstante, la realizaci\u00f3n de la solicitud mediante la cumplimentaci\u00f3n del formulario de compra, implica la conformidad con el precio ofertado y con las condiciones generales de venta vigentes en ese concreto momento. Una vez formalizada la solicitud, se entender\u00e1 perfeccionada la compra de pleno derecho, con todas las garant\u00edas legales que amparan al consumidor adquirente y, desde ese instante, los precios y condiciones tendr\u00e1n car\u00e1cter contractual y no podr\u00e1n ser modificados sin el expreso acuerdo de ambos contratantes.<\/p>\n<p>El castellano ser\u00e1 la lengua utilizada en nuestra formaci\u00f3n y tambi\u00e9n la que se utilizar\u00e1 a la hora de formalizar la matr\u00edcula del alumno. El documento electr\u00f3nico que formalizar\u00e1 el alta de la matr\u00edcula se archivar\u00e1 y los documentos personales del usuario\/a se adjuntar\u00e1n en su expediente de alumno\/a.<\/p>\n<p>Los precios de la formaci\u00f3n est\u00e1n exentos de IVA.<\/p>\n<p>No existen plazos de entrega ya que no se env\u00edan materiales f\u00edsicos. El contenido formativo en los diferentes formatos est\u00e1 incluido en el campus virtual y se va actualizando diariamente para que el alumno los tenga disponibles en cualquier momento y desde cualquier lugar con conexi\u00f3n a Internet.<\/p>\n<p>No existen gastos de env\u00edo ni cualquier otro gasto adicional aparte de los que se especifican en las becas de financiaci\u00f3n. VER BECAS<\/p>\n<p><strong>FORMAS DE PAGO<\/strong><br \/>\nPodr\u00e1s realizar el pago de tus pedidos en <strong>luisveraoposiciones.com<\/strong>, mediante las siguientes formas de pago:<\/p>\n<p><strong>Tarjeta de cr\u00e9dito<\/strong><br \/>\nEn <strong>luisveraoposiciones.com<\/strong>, utilizamos un sistema de pago con tarjeta de cr\u00e9dito totalmente seguro, para asegurarnos la confidencialidad de los datos de nuestros clientes y evitar posibles compras fraudulentas. Los datos confidenciales son transmitidos directamente y de forma encriptada (SSL) a la entidad financiera correspondiente. El sistema de encriptaci\u00f3n SSL confiere total seguridad a la transmisi\u00f3n de datos a trav\u00e9s de la red.<\/p>\n<p>Los datos de las tarjetas de cr\u00e9dito no quedan registrados en ninguna base de datos de <strong>luisveraoposiciones.com<\/strong>. S\u00f3lo se utilizan en el TPV (Terminal Punto de Venta) virtual de nuestra entidad financiera, a trav\u00e9s de su pasarela de pago seguro.<\/p>\n<p>En <strong>luisveraoposiciones.com<\/strong> puede utilizar tarjetas Visa y Mastercard. Para pagar el pedido la entidad financiera le solicitar\u00e1 los datos de su tarjeta (n\u00famero, titular y el c\u00f3digo CVV de la tarjeta) y una verificaci\u00f3n de seguridad.<\/p>\n<p><img decoding=\"async\" class=\"alignnone size-full wp-image-1025 lazyload\" data-src=\"https:\/\/luisveraoposiciones.com\/matriculas\/wp-content\/uploads\/2020\/07\/3-icono-tarjetas.png\" alt=\"\" width=\"199\" height=\"30\" src=\"data:image\/gif;base64,R0lGODlhAQABAAAAACH5BAEKAAEALAAAAAABAAEAAAICTAEAOw==\" style=\"--smush-placeholder-width: 199px; --smush-placeholder-aspect-ratio: 199\/30;\" \/><noscript><img decoding=\"async\" class=\"alignnone size-full wp-image-1025\" src=\"https:\/\/luisveraoposiciones.com\/matriculas\/wp-content\/uploads\/2020\/07\/3-icono-tarjetas.png\" alt=\"\" width=\"199\" height=\"30\" \/><\/noscript><\/p>\n<p>Una vez confirmado el pago se proceder\u00e1 al alta como alumno, para su posterior acceso al servicio de Campus Virtual.<\/p>\n<p><strong>Transferencia bancaria<\/strong><br \/>\nSi has escogido como m\u00e9todo de pago transferencia bancaria, al finalizar la solicitud como alumno\/a de <strong>luisveraoposiciones.com<\/strong>, recibir\u00e1s una notificaci\u00f3n con el importe total de la formaci\u00f3n y el n\u00famero de cuenta para realizar la transferencia.<\/p>\n<p>En la transferencia deber\u00e1s indicar los datos que se detallan en el correo electr\u00f3nico de confirmaci\u00f3n como alumno\/a.<\/p>\n<p>Una vez que el banco confirme el ingreso, (este proceso puede llegar a tardar un par de d\u00edas), procederemos a darle de alta como alumno\/a y a facilitarle el acceso a todos los servicios contratados en Luis Vera Oposiciones.<\/p>\n<p><strong>Paypal<\/strong><br \/>\nEscogida esta forma de pago, una vez finalizado el proceso de pago, se te redirigir\u00e1 a la web oficial de Paypal donde podr\u00e1s hacer efectivo el pago.<\/p>\n<p>Una vez realizado el pago correctamente, se te enviar\u00e1 un correo electr\u00f3nico con la bienvenida como alumno\/a Luis Vera Oposiciones y procederemos a darte de alta y a facilitarle el acceso a todos los servicios contratados en Luis Vera Oposiciones.<\/p>\n<p><strong>COMPROBACI\u00d3N ANTIFRAUDE<\/strong><br \/>\nLa compra del cliente puede ser aplazada para la comprobaci\u00f3n antifraude. Tambi\u00e9n puede ser suspendida por m\u00e1s tiempo para una investigaci\u00f3n m\u00e1s rigurosa, para evitar transacciones fraudulentas.<\/p>\n<p><strong>MONEDA<\/strong><br \/>\nLos precios que se muestran junto a nuestros cursos y M\u00e1sters se indican en Euros (\u20ac).<\/p>\n<p>Luis Vera Oposiciones no se hace responsable de cambios de moneda o tasa de cambio que puedan aplicar su banco o compa\u00f1\u00eda de tarjeta de cr\u00e9dito al realizar la compra en una moneda de otro pa\u00eds.<\/p>\n<p><strong>SEGURIDAD<\/strong><br \/>\nEn <strong>luisveraoposiciones.com<\/strong>, utilizamos Redsys, una de las plataformas de ecommerce m\u00e1s r\u00e1pida, segura y avanzada del sector, se trata de la soluci\u00f3n completa para asegurar un pago seguro, desarrollada bajo est\u00e1ndares y especificaciones de marcas internacionales (Verified by Visa, Mastercard SecureCode, J-Secure\u2026) lo que asegura su fiabilidad, as\u00ed como la confidencialidad de los datos de nuestros clientes y evitar posibles compras fraudulentas.<\/p>\n<p>Los datos confidenciales son transmitidos directamente y de forma encriptada (SSL) a la entidad financiera correspondiente. El sistema de encriptaci\u00f3n SSL confiere total seguridad a la transmisi\u00f3n de datos a trav\u00e9s de la red.<\/p>\n<p><strong>POL\u00cdTICAS DE ENTREGA<\/strong><br \/>\nEl plazo de entrega tiene una fecha l\u00edmite de 7 d\u00edas desde que el\/la alumno\/a formaliza el pago de la matr\u00edcula hasta que obtiene acceso a los recursos y servicios online de Luis Vera Oposiciones.<\/p>\n<p><strong>EL\/LA CLIENTE<\/strong><br \/>\nLuis Vera Oposiciones, se mantiene tiene el derecho de admisi\u00f3n respecto al alumnado, teniendo que cumplir \u00e9ste una serie de requisitos indispensables. El usuario\/a o futuro\/a alumno\/a ser\u00e1 informado\/a de estos requisitos por su ATC.<\/p>\n<p>Como requisito global, el alumno\/a deber\u00e1 tener una edad igual o superior a 18 a\u00f1os.<\/p>\n<p>Una vez finalizado este tr\u00e1mite (el de admisi\u00f3n), el solicitante recibir\u00e1 una una notificaci\u00f3n en positivo o negativo sobre el estado de su solicitud de admisi\u00f3n. En caso de resultar positiva, el\/la alumno\/a podr\u00e1 realizar el pago de la formaci\u00f3n solicitada.<\/p>\n<p><strong>PRIVACIDAD<\/strong><br \/>\nEste sitio web <strong>luisveraoposiciones.com<\/strong> garantiza que la informaci\u00f3n personal que usted env\u00eda cuenta con la seguridad necesaria. Los datos ingresados por usuario o en el caso de requerir una validaci\u00f3n de los pedidos no ser\u00e1n entregados a terceros, salvo que deba ser revelada en cumplimiento a una orden judicial o requerimientos legales.<\/p>\n<p>La suscripci\u00f3n a boletines de correos electr\u00f3nicos publicitarios es voluntaria y podr\u00eda ser seleccionada al momento de crear su cuenta.<\/p>\n<p>Luis Vera Oposiciones se reserva el derecho de cambiar o modificar estos t\u00e9rminos sin previo aviso.<br \/>\nPuedes acceder al documento de Pol\u00edtica de Privacidad y Aviso Legal de<strong>luisveraoposiciones.com<\/strong> desde el enlace: <strong>luisveraoposiciones.com\/avisolegal<\/strong><\/p>\n<p><strong>LICENCIA<\/strong><br \/>\nLuis Vera Oposiciones a trav\u00e9s de su sitio web concede una licencia para que los usuarios utilicen los servicios que son vendidos en este sitio, de acuerdo a los T\u00e9rminos y Condiciones que se describen en este documento. En el plazo de 7 d\u00edas recibir\u00e1n la licencia y condiciones en el email facilitado por el cliente.<\/p>\n<p><strong>USO NO AUTORIZADO<\/strong><br \/>\nEn caso de haber contratado un servicio en <strong>luisveraoposiciones.com<\/strong>, usted no puede colocar ninguno de nuestros recursos, modificado o sin modificar, en un CD, sitio web o ning\u00fan otro medio y ofrecerlos para la redistribuci\u00f3n o la reventa de ning\u00fan tipo.<\/p>\n<p>Queda totalmente prohibido, la descarga y mala utilizaci\u00f3n de los recursos audiovisuales que componen nuestros programas de formaci\u00f3n. El uso y acceso a nuestros servicios es exclusivo a la persona admitida por el comit\u00e9 de admisiones de la escuela. Si usted facilitase dicho acceso a un tercero, cargar\u00e1 con toda la responsabilidad haci\u00e9ndose cargo de la totalidad de la sanci\u00f3n pertinente y que sufrir\u00eda por el incumplimiento de \u00e9ste punto.<\/p>\n<p><strong>PROPIEDAD<\/strong><br \/>\nUsted no puede declarar propiedad intelectual o exclusiva a ninguno de nuestros productos o servicios, modificados o sin modificar. Todos los recursos y servicios son propiedad <strong>luisveraoposiciones.com<\/strong>. En caso de que no se especifique lo contrario, nuestros productos se proporcionan sin ning\u00fan tipo de garant\u00eda, expresa o impl\u00edcita.<\/p>\n<p>En ning\u00fan caso esta compa\u00f1\u00eda ser\u00e1 responsable de ning\u00fan da\u00f1o incluyendo, pero no limitado a, da\u00f1os directos, indirectos, especiales, fortuitos o consecuentes u otras p\u00e9rdidas resultantes del uso o de la imposibilidad de utilizar nuestros productos.<\/p>\n<p><strong>EXCLUSI\u00d3N DE GARANT\u00cdAS Y RESPONSABILIDAD<\/strong><br \/>\n<strong>luisveraoposiciones.com<\/strong> no se hace responsable, en ning\u00fan caso, de los da\u00f1os y perjuicios de cualquier naturaleza que pudieran ocasionar, a t\u00edtulo enunciativo: errores u omisiones en los contenidos, falta de disponibilidad del portal o la transmisi\u00f3n de virus o programas maliciosos o lesivos en los contenidos, a pesar de haber adoptado todas las medidas tecnol\u00f3gicas necesarias para evitarlo.<\/p>\n<p>MODIFICACIONES<br \/>\n<strong>luisveraoposiciones.com<\/strong> se reserva el derecho de efectuar sin previo aviso las modificaciones que considere oportunas en su portal, pudiendo cambiar, suprimir o a\u00f1adir tanto los contenidos y servicios que se presten a trav\u00e9s de la misma como la forma en la que \u00e9stos aparezcan presentados o localizados en su portal.<\/p>\n<p><strong>ENLACES<\/strong><br \/>\nEn el caso de que en nombre del dominio se dispusiesen enlaces o hiperv\u00ednculos hac\u00eda otros sitios de Internet, <strong>luisveraoposiciones.com<\/strong> no ejercer\u00e1 ning\u00fan tipo de control sobre dichos sitios y contenidos.<\/p>\n<p>En ning\u00fan caso <strong>luisveraoposiciones.com<\/strong> asumir\u00e1 responsabilidad alguna por los contenidos de alg\u00fan enlace perteneciente a un sitio web ajeno, ni garantizar\u00e1 la disponibilidad t\u00e9cnica, calidad, fiabilidad, exactitud, amplitud, veracidad, validez y constitucionalidad de cualquier material o informaci\u00f3n contenida en ninguno de dichos hiperv\u00ednculos u otros sitios de Internet. Igualmente la inclusi\u00f3n de estas conexiones externas no implicar\u00e1 ning\u00fan tipo de asociaci\u00f3n, fusi\u00f3n o participaci\u00f3n con las entidades conectadas.<\/p>\n<p><strong>luisveraoposiciones.com<\/strong> se reserva el derecho a denegar o retirar el acceso a portal y\/o los servicios ofrecidos sin necesidad de preaviso, a instancia propia o de un tercero, a aquellos usuarios que incumplan las Condiciones Generales de Uso.<\/p>\n<p><strong>DERECHOS DE EXCLUSI\u00d3N<\/strong><br \/>\n<strong>luisveraoposiciones.com<\/strong> se reserva el derecho a denegar o retirar el acceso a portal y\/o los servicios ofrecidos sin necesidad de preaviso, a instancia propia o de un tercero, a aquellos usuarios que incumplan las Condiciones Generales de Uso.<\/p>\n<p><strong>GENERALIDADES<\/strong><br \/>\n<strong>luisveraoposiciones.com<\/strong> perseguir\u00e1 el incumplimiento de las condiciones as\u00ed como cualquier utilizaci\u00f3n indebida de su portal ejerciendo todas las acciones civiles y penales que le puedan corresponder en derecho.<\/p>\n<p><strong>MODIFICACI\u00d3N DE LAS PRESENTES CONDICIONES Y DURACI\u00d3N<\/strong><br \/>\n<strong>luisveraoposiciones.com<\/strong> podr\u00e1 modificar en cualquier momento las condiciones aqu\u00ed determinadas, siendo debidamente publicadas como aqu\u00ed aparecen.<\/p>\n<p><strong>POL\u00cdTICAS DE DEVOLUCI\u00d3N Y DERECHO DE DESESTIMIENTO<\/strong><br \/>\nDe conformidad con lo previsto en el art\u00edculo 102 del Real Decreto Legislativo 1\/2007, de la Ley General de Defensa de Consumidores y Usuarios, el alumno tendr\u00e1 derecho a desistir del contrato durante un periodo de 14 d\u00edas naturales sin indicar motivo alguno, y sin incurrir en coste alguno.<\/p>\n<p>El plazo de desistimiento comenzar\u00e1 a contar desde el d\u00eda en que se ponga a disposici\u00f3n del alumno el primer material del curso, bien sea por medios telem\u00e1ticos, o bien sea por proporcionar acceso online al mismo. El derecho de desistimiento se podr\u00e1 ejercitar mediante declaraci\u00f3n clara e inequ\u00edvoca en tal sentido, sin ninguna formalidad especial, dirigida por correo electr\u00f3nico a la direcci\u00f3n administracion@luisveraoposiciones.com<\/p>\n<p>Verificada la procedencia del ejercicio del derecho de desistimiento, Luis Vera Oposiciones proceder\u00e1 a realizar la devoluci\u00f3n del importe \u00edntegro de la matr\u00edcula por el mismo medio por el que se efectu\u00f3 el pago, salvo que el alumno justifique la utilizaci\u00f3n de otro medio de devoluci\u00f3n del importe abonado.<\/p>\n","protected":false},"excerpt":{"rendered":"<p>Es requisito necesario para la adquisici\u00f3n de la formaci\u00f3n acad\u00e9mica que se ofrece en este sitio, que lea y acepte los siguientes T\u00e9rminos y Condiciones que a continuaci\u00f3n se redactan. El uso de nuestros servicios as\u00ed como la compra de \u00e9stos, implicar\u00e1 que usted ha le\u00eddo y aceptado los T\u00e9rminos y Condiciones de Uso en [&hellip;]<\/p>\n","protected":false},"author":1,"featured_media":0,"parent":0,"menu_order":0,"comment_status":"closed","ping_status":"closed","template":"","meta":{"site-sidebar-layout":"default","site-content-layout":"default","ast-site-content-layout":"default","site-content-style":"default","site-sidebar-style":"default","ast-global-header-display":"","ast-banner-title-visibility":"","ast-main-header-display":"","ast-hfb-above-header-display":"","ast-hfb-below-header-display":"","ast-hfb-mobile-header-display":"","site-post-title":"","ast-breadcrumbs-content":"","ast-featured-img":"","footer-sml-layout":"","theme-transparent-header-meta":"default","adv-header-id-meta":"","stick-header-meta":"","header-above-stick-meta":"","header-main-stick-meta":"","header-below-stick-meta":"","astra-migrate-meta-layouts":"default","ast-page-background-enabled":"default","ast-page-background-meta":{"desktop":{"background-color":"","background-image":"","background-repeat":"repeat","background-position":"center center","background-size":"auto","background-attachment":"scroll","background-type":"","background-media":"","overlay-type":"","overlay-color":"","overlay-opacity":"","overlay-gradient":""},"tablet":{"background-color":"","background-image":"","background-repeat":"repeat","background-position":"center center","background-size":"auto","background-attachment":"scroll","background-type":"","background-media":"","overlay-type":"","overlay-color":"","overlay-opacity":"","overlay-gradient":""},"mobile":{"background-color":"","background-image":"","background-repeat":"repeat","background-position":"center center","background-size":"auto","background-attachment":"scroll","background-type":"","background-media":"","overlay-type":"","overlay-color":"","overlay-opacity":"","overlay-gradient":""}},"ast-content-background-meta":{"desktop":{"background-color":"var(--ast-global-color-5)","background-image":"","background-repeat":"repeat","background-position":"center center","background-size":"auto","background-attachment":"scroll","background-type":"","background-media":"","overlay-type":"","overlay-color":"","overlay-opacity":"","overlay-gradient":""},"tablet":{"background-color":"var(--ast-global-color-5)","background-image":"","background-repeat":"repeat","background-position":"center center","background-size":"auto","background-attachment":"scroll","background-type":"","background-media":"","overlay-type":"","overlay-color":"","overlay-opacity":"","overlay-gradient":""},"mobile":{"background-color":"var(--ast-global-color-5)","background-image":"","background-repeat":"repeat","background-position":"center center","background-size":"auto","background-attachment":"scroll","background-type":"","background-media":"","overlay-type":"","overlay-color":"","overlay-opacity":"","overlay-gradient":""}}},"_links":{"self":[{"href":"https:\/\/luisveraoposiciones.com\/matriculas\/wp-json\/wp\/v2\/pages\/934"}],"collection":[{"href":"https:\/\/luisveraoposiciones.com\/matriculas\/wp-json\/wp\/v2\/pages"}],"about":[{"href":"https:\/\/luisveraoposiciones.com\/matriculas\/wp-json\/wp\/v2\/types\/page"}],"author":[{"embeddable":true,"href":"https:\/\/luisveraoposiciones.com\/matriculas\/wp-json\/wp\/v2\/users\/1"}],"replies":[{"embeddable":true,"href":"https:\/\/luisveraoposiciones.com\/matriculas\/wp-json\/wp\/v2\/comments?post=934"}],"version-history":[{"count":10,"href":"https:\/\/luisveraoposiciones.com\/matriculas\/wp-json\/wp\/v2\/pages\/934\/revisions"}],"predecessor-version":[{"id":1031,"href":"https:\/\/luisveraoposiciones.com\/matriculas\/wp-json\/wp\/v2\/pages\/934\/revisions\/1031"}],"wp:attachment":[{"href":"https:\/\/luisveraoposiciones.com\/matriculas\/wp-json\/wp\/v2\/media?parent=934"}],"curies":[{"name":"wp","href":"https:\/\/api.w.org\/{rel}","templated":true}]}}