{"id":1146,"date":"2020-08-17T10:04:16","date_gmt":"2020-08-17T10:04:16","guid":{"rendered":"https:\/\/luisveraoposiciones.com\/matriculas\/?post_type=product&#038;p=1146"},"modified":"2021-04-21T16:14:08","modified_gmt":"2021-04-21T16:14:08","slug":"temario-justicia-alumnos","status":"publish","type":"product","link":"https:\/\/luisveraoposiciones.com\/matriculas\/producto\/temario-justicia-alumnos\/","title":{"rendered":"TEMARIO JUSTICIA ALUMNOS MATRICULADOS"},"content":{"rendered":"","protected":false},"excerpt":{"rendered":"<p><strong>EL \u00daNICO TEMARIO EDITADO\u00a0<\/strong><strong>PARA\u00a0PREPARAR LOS TRES CUERPOS:<\/strong><\/p>\n<ul>\n<li><strong>Gesti\u00f3n Procesal y Administrativa<\/strong><\/li>\n<li><strong>Tramitaci\u00f3n Procesal y Administrativa<\/strong><\/li>\n<li><strong>Auxilio Judicial<\/strong><\/li>\n<\/ul>\n<p>El presente temario est\u00e1 editado en tama\u00f1o grande \u201cA 4\u201d. Es un tama\u00f1o pensado para los opositores, que sea f\u00e1cil de estudiar y con un tama\u00f1o de letra adecuado, para las horas de estudio que tendr\u00e9is que dedicarle.<\/p>\n<p>Est\u00e1 estructurado en\u00a0tres tomos y los temas est\u00e1n introducidos seg\u00fan el orden l\u00f3gico que el positor deber\u00e1 estudiar, como indico en el interior de los mismos.<\/p>\n<p><strong>El precio es \u00fanico y cerrado para el temario completo.<\/strong><\/p>\n<p>Con este temario ahorrar\u00e9is\u00a0si quer\u00e9is preparar dos o tres cuerpos, dado que est\u00e1 estructurado para estudiar los tres cuerpos.<\/p>\n<p><strong>Para los alumnos de Luis Vera Oposiciones matriculados, el precio es de 125\u00a0\u20ac para alumnos.<\/strong><\/p>\n<p><strong>Para los alumnos no matriculados el precio es de 160 \u20ac<\/strong>, gastos de env\u00edo a Pen\u00ednsula incluidos, pero en el interior del temario se env\u00eda un\u00a0<strong>descuento de 35\u00a0\u20ac\u00a0<\/strong>para matricularse en nuestra academia por el sistema de videoconferencia o videograbaci\u00f3n.<\/p>\n<p>En caso de que el env\u00edo del temario sea fuera de la pen\u00ednsula se deben pagar 20\u20ac de gastos de env\u00edo, se puede realizar el pago de dicho importe desde el siguiente enlace:<\/p>\n<p><a href=\"https:\/\/luisveraoposiciones.com\/matriculas\/producto\/gastos-de-envio-fuera-de-la-peninsula\/\">PAGO GASTOS ENVIO<\/a><\/p>\n","protected":false},"featured_media":1149,"template":"","meta":{"site-sidebar-layout":"default","site-content-layout":"default","ast-site-content-layout":"default","site-content-style":"default","site-sidebar-style":"default","ast-global-header-display":"","ast-banner-title-visibility":"","ast-main-header-display":"","ast-hfb-above-header-display":"","ast-hfb-below-header-display":"","ast-hfb-mobile-header-display":"","site-post-title":"","ast-breadcrumbs-content":"","ast-featured-img":"","footer-sml-layout":"","theme-transparent-header-meta":"default","adv-header-id-meta":"","stick-header-meta":"","header-above-stick-meta":"","header-main-stick-meta":"","header-below-stick-meta":"","astra-migrate-meta-layouts":"default","ast-page-background-enabled":"default","ast-page-background-meta":{"desktop":{"background-color":"","background-image":"","background-repeat":"repeat","background-position":"center center","background-size":"auto","background-attachment":"scroll","background-type":"","background-media":"","overlay-type":"","overlay-color":"","overlay-opacity":"","overlay-gradient":""},"tablet":{"background-color":"","background-image":"","background-repeat":"repeat","background-position":"center center","background-size":"auto","background-attachment":"scroll","background-type":"","background-media":"","overlay-type":"","overlay-color":"","overlay-opacity":"","overlay-gradient":""},"mobile":{"background-color":"","background-image":"","background-repeat":"repeat","background-position":"center center","background-size":"auto","background-attachment":"scroll","background-type":"","background-media":"","overlay-type":"","overlay-color":"","overlay-opacity":"","overlay-gradient":""}},"ast-content-background-meta":{"desktop":{"background-color":"var(--ast-global-color-5)","background-image":"","background-repeat":"repeat","background-position":"center center","background-size":"auto","background-attachment":"scroll","background-type":"","background-media":"","overlay-type":"","overlay-color":"","overlay-opacity":"","overlay-gradient":""},"tablet":{"background-color":"var(--ast-global-color-5)","background-image":"","background-repeat":"repeat","background-position":"center center","background-size":"auto","background-attachment":"scroll","background-type":"","background-media":"","overlay-type":"","overlay-color":"","overlay-opacity":"","overlay-gradient":""},"mobile":{"background-color":"var(--ast-global-color-5)","background-image":"","background-repeat":"repeat","background-position":"center center","background-size":"auto","background-attachment":"scroll","background-type":"","background-media":"","overlay-type":"","overlay-color":"","overlay-opacity":"","overlay-gradient":""}}},"product_cat":[35],"product_tag":[],"_links":{"self":[{"href":"https:\/\/luisveraoposiciones.com\/matriculas\/wp-json\/wp\/v2\/product\/1146"}],"collection":[{"href":"https:\/\/luisveraoposiciones.com\/matriculas\/wp-json\/wp\/v2\/product"}],"about":[{"href":"https:\/\/luisveraoposiciones.com\/matriculas\/wp-json\/wp\/v2\/types\/product"}],"wp:featuredmedia":[{"embeddable":true,"href":"https:\/\/luisveraoposiciones.com\/matriculas\/wp-json\/wp\/v2\/media\/1149"}],"wp:attachment":[{"href":"https:\/\/luisveraoposiciones.com\/matriculas\/wp-json\/wp\/v2\/media?parent=1146"}],"wp:term":[{"taxonomy":"product_cat","embeddable":true,"href":"https:\/\/luisveraoposiciones.com\/matriculas\/wp-json\/wp\/v2\/product_cat?post=1146"},{"taxonomy":"product_tag","embeddable":true,"href":"https:\/\/luisveraoposiciones.com\/matriculas\/wp-json\/wp\/v2\/product_tag?post=1146"}],"curies":[{"name":"wp","href":"https:\/\/api.w.org\/{rel}","templated":true}]}}