{"id":1361,"date":"2021-04-21T16:10:38","date_gmt":"2021-04-21T16:10:38","guid":{"rendered":"https:\/\/luisveraoposiciones.com\/matriculas\/?post_type=product&#038;p=1361"},"modified":"2021-04-21T16:10:38","modified_gmt":"2021-04-21T16:10:38","slug":"gastos-de-envio-fuera-de-la-peninsula","status":"publish","type":"product","link":"https:\/\/luisveraoposiciones.com\/matriculas\/producto\/gastos-de-envio-fuera-de-la-peninsula\/","title":{"rendered":"GASTOS DE ENVIO FUERA DE LA PEN\u00cdNSULA"},"content":{"rendered":"","protected":false},"excerpt":{"rendered":"<p><strong>ARTICULO PARA PAGAR LOS GASTOS DE ENVIO FUERA DE LA PEN\u00cdNSULA<\/strong><\/p>\n<p>El presente articulo solo se debe a\u00f1adir al carrito de compra si el env\u00edo de los temarios se realiza fuera de la pen\u00ednsula.<\/p>\n","protected":false},"featured_media":1071,"template":"","meta":{"site-sidebar-layout":"default","site-content-layout":"default","ast-site-content-layout":"default","site-content-style":"default","site-sidebar-style":"default","ast-global-header-display":"","ast-banner-title-visibility":"","ast-main-header-display":"","ast-hfb-above-header-display":"","ast-hfb-below-header-display":"","ast-hfb-mobile-header-display":"","site-post-title":"","ast-breadcrumbs-content":"","ast-featured-img":"","footer-sml-layout":"","theme-transparent-header-meta":"default","adv-header-id-meta":"","stick-header-meta":"","header-above-stick-meta":"","header-main-stick-meta":"","header-below-stick-meta":"","astra-migrate-meta-layouts":"default","ast-page-background-enabled":"default","ast-page-background-meta":{"desktop":{"background-color":"","background-image":"","background-repeat":"repeat","background-position":"center center","background-size":"auto","background-attachment":"scroll","background-type":"","background-media":"","overlay-type":"","overlay-color":"","overlay-opacity":"","overlay-gradient":""},"tablet":{"background-color":"","background-image":"","background-repeat":"repeat","background-position":"center center","background-size":"auto","background-attachment":"scroll","background-type":"","background-media":"","overlay-type":"","overlay-color":"","overlay-opacity":"","overlay-gradient":""},"mobile":{"background-color":"","background-image":"","background-repeat":"repeat","background-position":"center center","background-size":"auto","background-attachment":"scroll","background-type":"","background-media":"","overlay-type":"","overlay-color":"","overlay-opacity":"","overlay-gradient":""}},"ast-content-background-meta":{"desktop":{"background-color":"var(--ast-global-color-5)","background-image":"","background-repeat":"repeat","background-position":"center center","background-size":"auto","background-attachment":"scroll","background-type":"","background-media":"","overlay-type":"","overlay-color":"","overlay-opacity":"","overlay-gradient":""},"tablet":{"background-color":"var(--ast-global-color-5)","background-image":"","background-repeat":"repeat","background-position":"center center","background-size":"auto","background-attachment":"scroll","background-type":"","background-media":"","overlay-type":"","overlay-color":"","overlay-opacity":"","overlay-gradient":""},"mobile":{"background-color":"var(--ast-global-color-5)","background-image":"","background-repeat":"repeat","background-position":"center center","background-size":"auto","background-attachment":"scroll","background-type":"","background-media":"","overlay-type":"","overlay-color":"","overlay-opacity":"","overlay-gradient":""}}},"product_cat":[35],"product_tag":[],"_links":{"self":[{"href":"https:\/\/luisveraoposiciones.com\/matriculas\/wp-json\/wp\/v2\/product\/1361"}],"collection":[{"href":"https:\/\/luisveraoposiciones.com\/matriculas\/wp-json\/wp\/v2\/product"}],"about":[{"href":"https:\/\/luisveraoposiciones.com\/matriculas\/wp-json\/wp\/v2\/types\/product"}],"wp:featuredmedia":[{"embeddable":true,"href":"https:\/\/luisveraoposiciones.com\/matriculas\/wp-json\/wp\/v2\/media\/1071"}],"wp:attachment":[{"href":"https:\/\/luisveraoposiciones.com\/matriculas\/wp-json\/wp\/v2\/media?parent=1361"}],"wp:term":[{"taxonomy":"product_cat","embeddable":true,"href":"https:\/\/luisveraoposiciones.com\/matriculas\/wp-json\/wp\/v2\/product_cat?post=1361"},{"taxonomy":"product_tag","embeddable":true,"href":"https:\/\/luisveraoposiciones.com\/matriculas\/wp-json\/wp\/v2\/product_tag?post=1361"}],"curies":[{"name":"wp","href":"https:\/\/api.w.org\/{rel}","templated":true}]}}